{"id":70,"date":"2023-12-18T14:18:21","date_gmt":"2023-12-18T13:18:21","guid":{"rendered":"https:\/\/kinema.swojadroga.com.pl\/?page_id=70"},"modified":"2023-12-27T19:04:54","modified_gmt":"2023-12-27T18:04:54","slug":"projekt","status":"publish","type":"page","link":"https:\/\/kinema.swojadroga.com.pl\/?page_id=70","title":{"rendered":"Projekt"},"content":{"rendered":"\n<div class=\"wp-block-media-text is-stacked-on-mobile\" style=\"grid-template-columns:49% auto\"><figure class=\"wp-block-media-text__media\"><img loading=\"lazy\" decoding=\"async\" width=\"315\" height=\"315\" src=\"https:\/\/kinema.swojadroga.com.pl\/wp-content\/uploads\/2023\/12\/LOGO-STYPENDIA-ML-2023-04-1.png\" alt=\"\" class=\"wp-image-364 size-full\" srcset=\"https:\/\/kinema.swojadroga.com.pl\/wp-content\/uploads\/2023\/12\/LOGO-STYPENDIA-ML-2023-04-1.png 315w, https:\/\/kinema.swojadroga.com.pl\/wp-content\/uploads\/2023\/12\/LOGO-STYPENDIA-ML-2023-04-1-300x300.png 300w, https:\/\/kinema.swojadroga.com.pl\/wp-content\/uploads\/2023\/12\/LOGO-STYPENDIA-ML-2023-04-1-150x150.png 150w\" sizes=\"auto, (max-width: 315px) 100vw, 315px\" \/><\/figure><div class=\"wp-block-media-text__content\">\n<p class=\"has-text-align-left\"><strong>Projekt reporta\u017cu biograficznego: KINEMA &#8211; SCENARIUSZ, KT\u00d3RY NAPISA\u0141O \u017bYCIE  zosta\u0142 zrealizowany  dzi\u0119ki \u015brodkom otrzymanym w ramach&nbsp;stypendium&nbsp;artystycznego Miasta \u0141odzi na rok 2023 w dziedzinie literatury .<\/strong><\/p>\n\n\n\n<p class=\"has-text-align-left\"><strong>&nbsp;<\/strong><\/p>\n<\/div><\/div>\n\n\n\n<p><\/p>\n\n\n\n<p>W tym miejscu chcia\u0142abym podzi\u0119kowa\u0107 wszystkim, kt\u00f3rzy pomagali i wspierali mnie w realizacji tego przedsi\u0119wzi\u0119cia . Przede wszystkim rodzinie Arkadiusza Or\u0142owskiego, kt\u00f3ra nie tylko podzieli\u0142a si\u0119 ze mn\u0105 swoj\u0105 wiedz\u0105, rodzinnymi archiwami i wspomnieniami, ale r\u00f3wnie\u017c dopingowa\u0142a i wspiera\u0142a mnie na ro\u017cnych etapach rozwoju tego projektu, a przede wszystkim obdarzy\u0142a zaufaniem. Szczeg\u00f3lnie serdeczne wyrazy wdzi\u0119czno\u015bci kieruje do c\u00f3rek mojego bohatera: Katarzyny Zi\u00f3\u0142kowskiej i Ma\u0142gorzaty Or\u0142owskiej &#8211; Lament, bez zaanga\u017cowania i wsparcia kt\u00f3rych, reporta\u017c ten nigdy by nie powsta\u0142.<\/p>\n\n\n\n<p class=\"has-text-align-justify\">Bardzo serdecznie dzi\u0119kuje rozm\u00f3wcom, kt\u00f3rzy po\u015bwi\u0119cili mi czas i zgodzili si\u0119 na nagrania i publikacj\u0119 fragment\u00f3w wywiad\u00f3w: producentce Jolancie Rodziewicz &#8211; Rayzacher; mistrzowi o\u015bwietlenia Januszowi Lamentowi; scenografowi  Andrzejowi Hali\u0144skiemu; stryjecznej siostrze Arka &#8211; Ewie Or\u0142owskiej.<\/p>\n\n\n\n<p class=\"has-text-align-justify\">Podzi\u0119kowania kieruje r\u00f3wnie\u017c do tw\u00f3rc\u00f3w i redaktor\u00f3w, kt\u00f3rzy zgodzili si\u0119 udost\u0119pni\u0107 mi nagrania wywiad\u00f3w przeprowadzonych z Arkadiuszem Or\u0142owskim &#8211; redaktorki i autorki Agnieszki Koryckiej &#8211; Sobotko, kt\u00f3ra przeprowadzi\u0142a obszerny wywiad z Or\u0142owskim do publikacji &#8220;Faraon. Rozmowy o filmie.&#8221; oraz tw\u00f3rcom kr\u00f3tkometra\u017cowego dokumentu filmowego &#8220;Ekipa&#8221; re\u017c. Les\u0142aw Dobrucki, Kuba Maciejko, Rafa\u0142 Samborski, 2007, kt\u00f3rzy zgodzili sie na wykorzystanie fragment\u00f3w audio wywiadu z filmu.<\/p>\n\n\n\n<p class=\"has-text-align-justify\">Dzi\u0119kuje za rozmowy, i tw\u00f3rcz\u0105 inspiracj\u0119 do &#8220;wczucia&#8221; si\u0119 w bohatera, opiekunowi artystycznemu projektu scenariusza &#8220;To nie my&#8221; (inspirowanego biografi\u0105 Arka) &#8211; re\u017cyserowi i scenarzy\u015bcie Leszkowi Dawidowi oraz Denijalowi Hasanovic &#8211; kierownikowi kursu scenariuszowego w Szkole Wajdy za prezycyjne i ostre &#8220;ci\u0119cia&#8221; oraz pytania, kt\u00f3re prawdziwie da\u0142y mi do my\u015blenia i popchn\u0119\u0142y do ciekawych poszukiwa\u0144.<\/p>\n\n\n\n<p class=\"has-text-align-justify\">Wyrazy wdzi\u0119czno\u015bci przesy\u0142am r\u00f3wnie\u017c pracownikom Archiwum Pa\u0144stwowego w Cz\u0119stochowie &#8211; w szczeg\u00f3lno\u015bci pani Alicji Adamus-Kowalik za niezwykle szybk\u0105 i sprawn\u0105 pomoc w szukaniu akt;  entuzjastycznym i zaanga\u017cowanym pracownikom Muzeum Regionalnego im. Stanis\u0142awa Sankowskiego w Radomsku w szczeg\u00f3lno\u015bci historykowi i kustoszowi Tadeuszowi Nowakowi, kt\u00f3ry w \u015bwietnej, cytowanej w reporta\u017cu, publikacji odzyska\u0142 pami\u0119\u0107 o radomszcza\u0144skim Kinema oraz aktywistce i poetce Karolinie Gurazdzie-<em>Grabarczyk<\/em>, kt\u00f3ra w radomszcza\u0144skie \u015brodowisko mnie wprowadzi\u0142a. Dzi\u0119kuje pani Yvonne Gustin z Wydzia\u0142 Poszukiwa\u0144 Arolsen Archives za nadzwyczajnie szybk\u0105 odpowied\u017a dotyczac\u0105 dokument\u00f3w z Auschwitz oraz pani bibliotekarce w archiwum Filmoteki Narodowej, kt\u00f3ra cierpliwie udost\u0119pnia\u0142a mi wszystkie teczki z mojej listy \u017cycze\u0144.<\/p>\n\n\n\n<p class=\"has-text-align-justify\">Dzi\u0119kuje r\u00f3wnie mocno za wsparcie techniczne i redakcyjne &#8211; Magdalenie Skalskiej, kt\u00f3ra pomog\u0142a mi w stworzeniu strony; Katarzynie Lis i Marzenie Jarz\u0105bek za t\u0142umaczenia materia\u0142\u00f3w archiwalnych z j\u0119zyka niemieckiego oraz Elizie Gaust i Justynie Gawe\u0142ko za wsparcie redakcyjne. Wszystkim tym, kt\u00f3rzy s\u0142uchali i  przegadywali ze mn\u0105 t\u0119 histori\u0119, motywowali mnie do pracy, wspierali w trudnych momentach i wierzyli, \u017ce si\u0119 uda: DZI\u0118KUJE !!!<\/p>\n\n\n\n<figure class=\"wp-block-image size-full\"><img loading=\"lazy\" decoding=\"async\" width=\"895\" height=\"896\" src=\"http:\/\/kinema.swojadroga.com.pl\/wp-content\/uploads\/2023\/12\/600_basic_mono_bez_dewizy_cmyk.jpg\" alt=\"\" class=\"wp-image-10\" srcset=\"https:\/\/kinema.swojadroga.com.pl\/wp-content\/uploads\/2023\/12\/600_basic_mono_bez_dewizy_cmyk.jpg 895w, https:\/\/kinema.swojadroga.com.pl\/wp-content\/uploads\/2023\/12\/600_basic_mono_bez_dewizy_cmyk-300x300.jpg 300w, https:\/\/kinema.swojadroga.com.pl\/wp-content\/uploads\/2023\/12\/600_basic_mono_bez_dewizy_cmyk-150x150.jpg 150w, https:\/\/kinema.swojadroga.com.pl\/wp-content\/uploads\/2023\/12\/600_basic_mono_bez_dewizy_cmyk-768x769.jpg 768w\" sizes=\"auto, (max-width: 895px) 100vw, 895px\" \/><\/figure>\n","protected":false},"excerpt":{"rendered":"<p>Projekt reporta\u017cu biograficznego: KINEMA &#8211; SCENARIUSZ, KT\u00d3RY NAPISA\u0141O \u017bYCIE zosta\u0142 zrealizowany dzi\u0119ki \u015brodkom otrzymanym w ramach&nbsp;stypendium&nbsp;artystycznego Miasta \u0141odzi na rok 2023 w dziedzinie literatury . &nbsp; W tym miejscu chcia\u0142abym podzi\u0119kowa\u0107 wszystkim, kt\u00f3rzy pomagali i wspierali mnie w realizacji tego przedsi\u0119wzi\u0119cia . Przede wszystkim rodzinie Arkadiusza Or\u0142owskiego, kt\u00f3ra nie tylko podzieli\u0142a si\u0119 ze mn\u0105 swoj\u0105<\/p>\n","protected":false},"author":1,"featured_media":0,"parent":0,"menu_order":0,"comment_status":"closed","ping_status":"closed","template":"","meta":{"_editorskit_title_hidden":false,"_editorskit_reading_time":0,"_editorskit_is_block_options_detached":false,"_editorskit_block_options_position":"{}","footnotes":""},"class_list":["post-70","page","type-page","status-publish","hentry"],"_links":{"self":[{"href":"https:\/\/kinema.swojadroga.com.pl\/index.php?rest_route=\/wp\/v2\/pages\/70","targetHints":{"allow":["GET"]}}],"collection":[{"href":"https:\/\/kinema.swojadroga.com.pl\/index.php?rest_route=\/wp\/v2\/pages"}],"about":[{"href":"https:\/\/kinema.swojadroga.com.pl\/index.php?rest_route=\/wp\/v2\/types\/page"}],"author":[{"embeddable":true,"href":"https:\/\/kinema.swojadroga.com.pl\/index.php?rest_route=\/wp\/v2\/users\/1"}],"replies":[{"embeddable":true,"href":"https:\/\/kinema.swojadroga.com.pl\/index.php?rest_route=%2Fwp%2Fv2%2Fcomments&post=70"}],"version-history":[{"count":6,"href":"https:\/\/kinema.swojadroga.com.pl\/index.php?rest_route=\/wp\/v2\/pages\/70\/revisions"}],"predecessor-version":[{"id":365,"href":"https:\/\/kinema.swojadroga.com.pl\/index.php?rest_route=\/wp\/v2\/pages\/70\/revisions\/365"}],"wp:attachment":[{"href":"https:\/\/kinema.swojadroga.com.pl\/index.php?rest_route=%2Fwp%2Fv2%2Fmedia&parent=70"}],"curies":[{"name":"wp","href":"https:\/\/api.w.org\/{rel}","templated":true}]}}